{"id":987663,"date":"2026-01-21T21:10:28","date_gmt":"2026-01-21T21:10:28","guid":{"rendered":"https:\/\/excelam.heavenkeys.ca\/?page_id=987663"},"modified":"2026-01-26T23:06:00","modified_gmt":"2026-01-26T23:06:00","slug":"accueil","status":"publish","type":"page","link":"https:\/\/excelam.heavenkeys.ca\/en\/","title":{"rendered":"Home"},"content":{"rendered":"<div data-elementor-type=\"wp-page\" data-elementor-id=\"987663\" class=\"elementor elementor-987663\" data-elementor-post-type=\"page\">\n\t\t\t\t\t\t<section class=\"elementor-section elementor-top-section elementor-element elementor-element-3fda3663 elementor-section-boxed elementor-section-height-default elementor-section-height-default e-parent\" data-id=\"3fda3663\" data-element_type=\"section\" data-settings=\"{&quot;background_background&quot;:&quot;classic&quot;}\">\n\t\t\t\t\t\t\t<div class=\"elementor-background-overlay\"><\/div>\n\t\t\t\t\t\t\t<div class=\"elementor-container elementor-column-gap-default\">\n\t\t\t\t\t<div class=\"elementor-column elementor-col-50 elementor-top-column elementor-element elementor-element-742f5ba5 lakit-col-width-auto-no\" data-id=\"742f5ba5\" data-element_type=\"column\">\n\t\t\t<div class=\"elementor-widget-wrap elementor-element-populated\">\n\t\t\t\t\t\t<section class=\"elementor-section elementor-inner-section elementor-element elementor-element-4605e646 elementor-section-boxed elementor-section-height-default elementor-section-height-default\" data-id=\"4605e646\" data-element_type=\"section\">\n\t\t\t\t\t\t<div class=\"elementor-container elementor-column-gap-default\">\n\t\t\t\t\t<div class=\"elementor-column elementor-col-100 elementor-inner-column elementor-element elementor-element-7edfb07c lakit-col-width-auto-no\" data-id=\"7edfb07c\" data-element_type=\"column\">\n\t\t\t<div class=\"elementor-widget-wrap elementor-element-populated\">\n\t\t\t\t\t\t<div class=\"elementor-element elementor-element-84b6409 animated-fast elementor-invisible elementor-widget elementor-widget-heading\" data-id=\"84b6409\" data-element_type=\"widget\" data-settings=\"{&quot;_animation&quot;:&quot;fadeInDown&quot;,&quot;_animation_delay&quot;:100}\" data-widget_type=\"heading.default\">\n\t\t\t\t<div class=\"elementor-widget-container\">\n\t\t\t\t\t<h1 class=\"elementor-heading-title elementor-size-default\">We simplify reliability, maintenance, diagnostics and asset management.<\/h1>\t\t\t\t<\/div>\n\t\t\t\t<\/div>\n\t\t\t\t<div class=\"elementor-element elementor-element-7fe52faf elementor-hidden-phone elementor-widget__width-auto elementor-absolute elementor-hidden-tablet elementor-invisible elementor-widget elementor-widget-image\" data-id=\"7fe52faf\" data-element_type=\"widget\" data-settings=\"{&quot;_animation&quot;:&quot;fadeIn&quot;,&quot;_animation_delay&quot;:400,&quot;_position&quot;:&quot;absolute&quot;}\" data-widget_type=\"image.default\">\n\t\t\t\t<div class=\"elementor-widget-container\">\n\t\t\t\t\t\t\t\t\t\t\t\t\t\t\t<img decoding=\"async\" width=\"4\" height=\"150\" src=\"https:\/\/excelam.heavenkeys.ca\/wp-content\/uploads\/2026\/01\/bizcorp-home01-rec.jpg\" class=\"attachment-large size-large wp-image-987739\" alt=\"\" \/>\t\t\t\t\t\t\t\t\t\t\t\t\t\t\t<\/div>\n\t\t\t\t<\/div>\n\t\t\t\t\t<\/div>\n\t\t<\/div>\n\t\t\t\t\t<\/div>\n\t\t<\/section>\n\t\t\t\t<div class=\"elementor-element elementor-element-619b8724 animated-fast elementor-invisible elementor-widget elementor-widget-text-editor\" data-id=\"619b8724\" data-element_type=\"widget\" data-settings=\"{&quot;_animation&quot;:&quot;fadeInDown&quot;,&quot;_animation_delay&quot;:100}\" data-widget_type=\"text-editor.default\">\n\t\t\t\t<div class=\"elementor-widget-container\">\n\t\t\t\t\t\t\t\t\tSpecialized expertise adapted to your organization. \t\t\t\t\t\t\t\t<\/div>\n\t\t\t\t<\/div>\n\t\t\t\t<div class=\"elementor-element elementor-element-1bec1705 elementor-widget__width-auto elementor-widget-mobile__width-inherit elementor-invisible elementor-widget elementor-widget-button\" data-id=\"1bec1705\" data-element_type=\"widget\" data-settings=\"{&quot;_animation&quot;:&quot;fadeIn&quot;,&quot;_animation_delay&quot;:400}\" data-widget_type=\"button.default\">\n\t\t\t\t<div class=\"elementor-widget-container\">\n\t\t\t\t\t\t\t\t\t<div class=\"elementor-button-wrapper\">\n\t\t\t\t\t<a class=\"elementor-button elementor-button-link elementor-size-sm elementor-animation-float\" href=\"https:\/\/excelam.heavenkeys.ca\/en\/a-propos\/\">\n\t\t\t\t\t\t<span class=\"elementor-button-content-wrapper\">\n\t\t\t\t\t\t<span class=\"elementor-button-icon\">\n\t\t\t\t<i aria-hidden=\"true\" class=\"fas fa-angle-right\"><\/i>\t\t\t<\/span>\n\t\t\t\t\t\t\t\t\t<span class=\"elementor-button-text\">We discover<\/span>\n\t\t\t\t\t<\/span>\n\t\t\t\t\t<\/a>\n\t\t\t\t<\/div>\n\t\t\t\t\t\t\t\t<\/div>\n\t\t\t\t<\/div>\n\t\t\t\t\t<\/div>\n\t\t<\/div>\n\t\t\t\t<div class=\"elementor-column elementor-col-50 elementor-top-column elementor-element elementor-element-561e1d65 lakit-col-width-auto-no\" data-id=\"561e1d65\" data-element_type=\"column\">\n\t\t\t<div class=\"elementor-widget-wrap\">\n\t\t\t\t\t\t\t<\/div>\n\t\t<\/div>\n\t\t\t\t\t<\/div>\n\t\t<\/section>\n\t\t\t\t<section class=\"elementor-section elementor-top-section elementor-element elementor-element-23d3ff29 elementor-section-boxed elementor-section-height-default elementor-section-height-default e-parent\" data-id=\"23d3ff29\" data-element_type=\"section\">\n\t\t\t\t\t\t<div class=\"elementor-container elementor-column-gap-default\">\n\t\t\t\t\t<div class=\"elementor-column elementor-col-50 elementor-top-column elementor-element elementor-element-35bbd799 lakit-col-width-auto-no\" data-id=\"35bbd799\" data-element_type=\"column\">\n\t\t\t<div class=\"elementor-widget-wrap elementor-element-populated\">\n\t\t\t\t\t\t<div class=\"elementor-element elementor-element-78d0f1f5 elementor-widget elementor-widget-heading\" data-id=\"78d0f1f5\" data-element_type=\"widget\" data-widget_type=\"heading.default\">\n\t\t\t\t<div class=\"elementor-widget-container\">\n\t\t\t\t\t<h2 class=\"elementor-heading-title elementor-size-default\">Asset management<\/h2>\t\t\t\t<\/div>\n\t\t\t\t<\/div>\n\t\t\t\t<div class=\"elementor-element elementor-element-328ddab3 elementor-widget elementor-widget-text-editor\" data-id=\"328ddab3\" data-element_type=\"widget\" data-widget_type=\"text-editor.default\">\n\t\t\t\t<div class=\"elementor-widget-container\">\n\t\t\t\t\t\t\t\t\t<p><strong>Make the most of your assets (facilities, equipment, etc.)<br \/><\/strong>We are convinced that asset management (facilities,<br \/>equipment, etc.) is a major source of hidden value.<br \/>for industry.<br \/>We offer consultancy services in asset management and the digitisation of businesses.<br \/>business processes by supporting the implementation of CMMS software packages<br \/>(EAM), which help our customers to evolve the maintenance business and derive the greatest benefit from it.<br \/>the best of their assets.<\/p>\t\t\t\t\t\t\t\t<\/div>\n\t\t\t\t<\/div>\n\t\t\t\t\t<\/div>\n\t\t<\/div>\n\t\t\t\t<div class=\"elementor-column elementor-col-50 elementor-top-column elementor-element elementor-element-11dfffca lakit-col-width-auto-no\" data-id=\"11dfffca\" data-element_type=\"column\" data-settings=\"{&quot;background_background&quot;:&quot;classic&quot;}\">\n\t\t\t<div class=\"elementor-widget-wrap elementor-element-populated\">\n\t\t\t\t\t\t<div class=\"elementor-element elementor-element-024cc76 elementor-widget elementor-widget-image\" data-id=\"024cc76\" data-element_type=\"widget\" data-widget_type=\"image.default\">\n\t\t\t\t<div class=\"elementor-widget-container\">\n\t\t\t\t\t\t\t\t\t\t\t\t\t\t\t<img fetchpriority=\"high\" decoding=\"async\" width=\"800\" height=\"450\" src=\"https:\/\/excelam.heavenkeys.ca\/wp-content\/uploads\/2026\/01\/gestion-des-actifs-1024x576.jpg\" class=\"attachment-large size-large wp-image-987991\" alt=\"\" srcset=\"https:\/\/excelam.heavenkeys.ca\/wp-content\/uploads\/2026\/01\/gestion-des-actifs-1024x576.jpg 1024w, https:\/\/excelam.heavenkeys.ca\/wp-content\/uploads\/2026\/01\/gestion-des-actifs-300x169.jpg 300w, https:\/\/excelam.heavenkeys.ca\/wp-content\/uploads\/2026\/01\/gestion-des-actifs-768x432.jpg 768w, https:\/\/excelam.heavenkeys.ca\/wp-content\/uploads\/2026\/01\/gestion-des-actifs-1536x864.jpg 1536w, https:\/\/excelam.heavenkeys.ca\/wp-content\/uploads\/2026\/01\/gestion-des-actifs.jpg 2000w\" sizes=\"(max-width: 800px) 100vw, 800px\" \/>\t\t\t\t\t\t\t\t\t\t\t\t\t\t\t<\/div>\n\t\t\t\t<\/div>\n\t\t\t\t\t<\/div>\n\t\t<\/div>\n\t\t\t\t\t<\/div>\n\t\t<\/section>\n\t\t\t\t<section class=\"elementor-section elementor-top-section elementor-element elementor-element-cd93229 elementor-section-boxed elementor-section-height-default elementor-section-height-default e-parent\" data-id=\"cd93229\" data-element_type=\"section\">\n\t\t\t\t\t\t<div class=\"elementor-container elementor-column-gap-default\">\n\t\t\t\t\t<div class=\"elementor-column elementor-col-50 elementor-top-column elementor-element elementor-element-a8f0e1e lakit-col-width-auto-no\" data-id=\"a8f0e1e\" data-element_type=\"column\">\n\t\t\t<div class=\"elementor-widget-wrap elementor-element-populated\">\n\t\t\t\t\t\t<div class=\"elementor-element elementor-element-be96a91 elementor-widget elementor-widget-image\" data-id=\"be96a91\" data-element_type=\"widget\" data-widget_type=\"image.default\">\n\t\t\t\t<div class=\"elementor-widget-container\">\n\t\t\t\t\t\t\t\t\t\t\t\t\t\t\t<img decoding=\"async\" width=\"800\" height=\"450\" src=\"https:\/\/excelam.heavenkeys.ca\/wp-content\/uploads\/2026\/01\/120542.jpg\" class=\"attachment-large size-large wp-image-987987\" alt=\"\" srcset=\"https:\/\/excelam.heavenkeys.ca\/wp-content\/uploads\/2026\/01\/120542.jpg 1000w, https:\/\/excelam.heavenkeys.ca\/wp-content\/uploads\/2026\/01\/120542-300x169.jpg 300w, https:\/\/excelam.heavenkeys.ca\/wp-content\/uploads\/2026\/01\/120542-768x432.jpg 768w\" sizes=\"(max-width: 800px) 100vw, 800px\" \/>\t\t\t\t\t\t\t\t\t\t\t\t\t\t\t<\/div>\n\t\t\t\t<\/div>\n\t\t\t\t\t<\/div>\n\t\t<\/div>\n\t\t\t\t<div class=\"elementor-column elementor-col-50 elementor-top-column elementor-element elementor-element-53ce531 lakit-col-width-auto-no\" data-id=\"53ce531\" data-element_type=\"column\">\n\t\t\t<div class=\"elementor-widget-wrap elementor-element-populated\">\n\t\t\t\t\t\t<div class=\"elementor-element elementor-element-8894a62 elementor-widget elementor-widget-heading\" data-id=\"8894a62\" data-element_type=\"widget\" data-widget_type=\"heading.default\">\n\t\t\t\t<div class=\"elementor-widget-container\">\n\t\t\t\t\t<h2 class=\"elementor-heading-title elementor-size-default\">Maintenance<\/h2>\t\t\t\t<\/div>\n\t\t\t\t<\/div>\n\t\t\t\t<div class=\"elementor-element elementor-element-d550841 elementor-widget elementor-widget-text-editor\" data-id=\"d550841\" data-element_type=\"widget\" data-widget_type=\"text-editor.default\">\n\t\t\t\t<div class=\"elementor-widget-container\">\n\t\t\t\t\t\t\t\t\t<p><strong>Optimising your efficiency.<\/strong><br \/>Maintenance is much more than just a cost centre. A<br \/>maintenance, carried out at the right time and in the right way, means that not only can<br \/>not only improve productivity and reduce costs, but also increase the quality of the<br \/>equipment availability, performance and customer satisfaction. We<br \/>a complete range of techniques for improving the quality of your products.<br \/>maintenance, ensuring you get the most out of your budget.<\/p>\t\t\t\t\t\t\t\t<\/div>\n\t\t\t\t<\/div>\n\t\t\t\t\t<\/div>\n\t\t<\/div>\n\t\t\t\t\t<\/div>\n\t\t<\/section>\n\t\t\t\t<section class=\"elementor-section elementor-top-section elementor-element elementor-element-66cca4e elementor-section-boxed elementor-section-height-default elementor-section-height-default e-parent\" data-id=\"66cca4e\" data-element_type=\"section\">\n\t\t\t\t\t\t<div class=\"elementor-container elementor-column-gap-default\">\n\t\t\t\t\t<div class=\"elementor-column elementor-col-50 elementor-top-column elementor-element elementor-element-249981a lakit-col-width-auto-no\" data-id=\"249981a\" data-element_type=\"column\">\n\t\t\t<div class=\"elementor-widget-wrap elementor-element-populated\">\n\t\t\t\t\t\t<div class=\"elementor-element elementor-element-5ae8c9c elementor-widget elementor-widget-heading\" data-id=\"5ae8c9c\" data-element_type=\"widget\" data-widget_type=\"heading.default\">\n\t\t\t\t<div class=\"elementor-widget-container\">\n\t\t\t\t\t<h2 class=\"elementor-heading-title elementor-size-default\">Reliability<\/h2>\t\t\t\t<\/div>\n\t\t\t\t<\/div>\n\t\t\t\t<div class=\"elementor-element elementor-element-42b8247 elementor-widget elementor-widget-text-editor\" data-id=\"42b8247\" data-element_type=\"widget\" data-widget_type=\"text-editor.default\">\n\t\t\t\t<div class=\"elementor-widget-container\">\n\t\t\t\t\t\t\t\t\t<p><strong>Achieving long-term safety and productivity.<\/strong><br \/>Reliable equipment is safer and more productive. When targeted at<br \/>reliability enhancement initiatives generate significant savings for the company.<br \/>benefits far outweigh the costs and efforts involved.<br \/>We provide you with unique expertise, combining business vision, knowledge and experience.<br \/>engineering skills and experience in change management, to help our customers to<br \/>optimise their efforts to improve reliability within their organisation.<\/p>\t\t\t\t\t\t\t\t<\/div>\n\t\t\t\t<\/div>\n\t\t\t\t\t<\/div>\n\t\t<\/div>\n\t\t\t\t<div class=\"elementor-column elementor-col-50 elementor-top-column elementor-element elementor-element-6ada375 lakit-col-width-auto-no\" data-id=\"6ada375\" data-element_type=\"column\" data-settings=\"{&quot;background_background&quot;:&quot;classic&quot;}\">\n\t\t\t<div class=\"elementor-widget-wrap elementor-element-populated\">\n\t\t\t\t\t\t<div class=\"elementor-element elementor-element-84a7b91 elementor-widget elementor-widget-image\" data-id=\"84a7b91\" data-element_type=\"widget\" data-widget_type=\"image.default\">\n\t\t\t\t<div class=\"elementor-widget-container\">\n\t\t\t\t\t\t\t\t\t\t\t\t\t\t\t<img loading=\"lazy\" decoding=\"async\" width=\"800\" height=\"436\" src=\"https:\/\/excelam.heavenkeys.ca\/wp-content\/uploads\/2026\/01\/2152006116.jpg\" class=\"attachment-large size-large wp-image-987983\" alt=\"\" srcset=\"https:\/\/excelam.heavenkeys.ca\/wp-content\/uploads\/2026\/01\/2152006116.jpg 1000w, https:\/\/excelam.heavenkeys.ca\/wp-content\/uploads\/2026\/01\/2152006116-300x164.jpg 300w, https:\/\/excelam.heavenkeys.ca\/wp-content\/uploads\/2026\/01\/2152006116-768x419.jpg 768w\" sizes=\"(max-width: 800px) 100vw, 800px\" \/>\t\t\t\t\t\t\t\t\t\t\t\t\t\t\t<\/div>\n\t\t\t\t<\/div>\n\t\t\t\t\t<\/div>\n\t\t<\/div>\n\t\t\t\t\t<\/div>\n\t\t<\/section>\n\t\t\t\t<section class=\"elementor-section elementor-top-section elementor-element elementor-element-1aa62b9 elementor-section-boxed elementor-section-height-default elementor-section-height-default e-parent\" data-id=\"1aa62b9\" data-element_type=\"section\">\n\t\t\t\t\t\t<div class=\"elementor-container elementor-column-gap-default\">\n\t\t\t\t\t<div class=\"elementor-column elementor-col-50 elementor-top-column elementor-element elementor-element-4faf71b lakit-col-width-auto-no\" data-id=\"4faf71b\" data-element_type=\"column\" data-settings=\"{&quot;background_background&quot;:&quot;classic&quot;}\">\n\t\t\t<div class=\"elementor-widget-wrap elementor-element-populated\">\n\t\t\t\t\t\t<div class=\"elementor-element elementor-element-df17ec3 elementor-widget elementor-widget-image\" data-id=\"df17ec3\" data-element_type=\"widget\" data-widget_type=\"image.default\">\n\t\t\t\t<div class=\"elementor-widget-container\">\n\t\t\t\t\t\t\t\t\t\t\t\t\t\t\t<img loading=\"lazy\" decoding=\"async\" width=\"800\" height=\"533\" src=\"https:\/\/excelam.heavenkeys.ca\/wp-content\/uploads\/2026\/01\/training-1024x682.jpg\" class=\"attachment-large size-large wp-image-987979\" alt=\"\" srcset=\"https:\/\/excelam.heavenkeys.ca\/wp-content\/uploads\/2026\/01\/training-1024x682.jpg 1024w, https:\/\/excelam.heavenkeys.ca\/wp-content\/uploads\/2026\/01\/training-300x200.jpg 300w, https:\/\/excelam.heavenkeys.ca\/wp-content\/uploads\/2026\/01\/training-768x512.jpg 768w, https:\/\/excelam.heavenkeys.ca\/wp-content\/uploads\/2026\/01\/training-1536x1024.jpg 1536w, https:\/\/excelam.heavenkeys.ca\/wp-content\/uploads\/2026\/01\/training.jpg 2000w\" sizes=\"(max-width: 800px) 100vw, 800px\" \/>\t\t\t\t\t\t\t\t\t\t\t\t\t\t\t<\/div>\n\t\t\t\t<\/div>\n\t\t\t\t\t<\/div>\n\t\t<\/div>\n\t\t\t\t<div class=\"elementor-column elementor-col-50 elementor-top-column elementor-element elementor-element-0064157 lakit-col-width-auto-no\" data-id=\"0064157\" data-element_type=\"column\">\n\t\t\t<div class=\"elementor-widget-wrap elementor-element-populated\">\n\t\t\t\t\t\t<div class=\"elementor-element elementor-element-596d8c8 elementor-widget elementor-widget-heading\" data-id=\"596d8c8\" data-element_type=\"widget\" data-widget_type=\"heading.default\">\n\t\t\t\t<div class=\"elementor-widget-container\">\n\t\t\t\t\t<h2 class=\"elementor-heading-title elementor-size-default\">Training<\/h2>\t\t\t\t<\/div>\n\t\t\t\t<\/div>\n\t\t\t\t<div class=\"elementor-element elementor-element-ca0fb32 elementor-widget elementor-widget-text-editor\" data-id=\"ca0fb32\" data-element_type=\"widget\" data-widget_type=\"text-editor.default\">\n\t\t\t\t<div class=\"elementor-widget-container\">\n\t\t\t\t\t\t\t\t\t<p><strong>Let's develop the skills and capabilities of your teams.<br \/><\/strong>Transferring knowledge and skills to our customers is essential for<br \/>that good practice is adopted and sustained. Whether in the context of<br \/>or independently, the transfer of our knowledge and experience to our<br \/>know-how to your teams is at the heart of our DNA.<br \/>Our highly practical and interactive training courses are optimised for<br \/>adult learning and draw on our extensive experience in the management of adult<br \/>assets, maintenance and reliability.<\/p>\t\t\t\t\t\t\t\t<\/div>\n\t\t\t\t<\/div>\n\t\t\t\t\t<\/div>\n\t\t<\/div>\n\t\t\t\t\t<\/div>\n\t\t<\/section>\n\t\t\t\t<\/div>\n\t\t\n    <div class=\"xs_social_share_widget xs_share_url after_content \t\tmain_content  wslu-style-1 wslu-share-box-shaped wslu-fill-colored wslu-none wslu-share-horizontal wslu-theme-font-no wslu-main_content\">\n\n\t\t\n        <ul>\n\t\t\t        <\/ul>\n    <\/div>","protected":false},"excerpt":{"rendered":"<p>Nous simplifions la fiabilit\u00e9, la maintenance, le diagnostic et la gestion des actifs. Une expertise sp\u00e9cialis\u00e9e, adapt\u00e9e \u00e0 votre organisation. Nous decouvrir Gestion des actifs Tirons le meilleur de vos actifs (installations, \u00e9quipements\u2026etc.)Nous sommes convaincus qu\u2019une gestion des actifs (installations,\u00e9quipements\u2026etc.) plus efficace repr\u00e9sente une source majeure de valeur cach\u00e9epour les industries.Nous proposons\u00a0des services de conseil\u00a0en [&hellip;]<\/p>","protected":false},"author":1,"featured_media":0,"parent":0,"menu_order":0,"comment_status":"closed","ping_status":"closed","template":"elementor_header_footer","meta":{"postBodyCss":"","postBodyMargin":[],"postBodyPadding":[],"postBodyBackground":{"backgroundType":"classic","gradient":""},"footnotes":""},"class_list":["post-987663","page","type-page","status-publish","hentry"],"_links":{"self":[{"href":"https:\/\/excelam.heavenkeys.ca\/en\/wp-json\/wp\/v2\/pages\/987663","targetHints":{"allow":["GET"]}}],"collection":[{"href":"https:\/\/excelam.heavenkeys.ca\/en\/wp-json\/wp\/v2\/pages"}],"about":[{"href":"https:\/\/excelam.heavenkeys.ca\/en\/wp-json\/wp\/v2\/types\/page"}],"author":[{"embeddable":true,"href":"https:\/\/excelam.heavenkeys.ca\/en\/wp-json\/wp\/v2\/users\/1"}],"replies":[{"embeddable":true,"href":"https:\/\/excelam.heavenkeys.ca\/en\/wp-json\/wp\/v2\/comments?post=987663"}],"version-history":[{"count":73,"href":"https:\/\/excelam.heavenkeys.ca\/en\/wp-json\/wp\/v2\/pages\/987663\/revisions"}],"predecessor-version":[{"id":988090,"href":"https:\/\/excelam.heavenkeys.ca\/en\/wp-json\/wp\/v2\/pages\/987663\/revisions\/988090"}],"wp:attachment":[{"href":"https:\/\/excelam.heavenkeys.ca\/en\/wp-json\/wp\/v2\/media?parent=987663"}],"curies":[{"name":"wp","href":"https:\/\/api.w.org\/{rel}","templated":true}]}}