{"id":987861,"date":"2026-01-21T21:57:03","date_gmt":"2026-01-21T21:57:03","guid":{"rendered":"https:\/\/excelam.heavenkeys.ca\/?page_id=987861"},"modified":"2026-02-17T22:28:42","modified_gmt":"2026-02-17T22:28:42","slug":"formation","status":"publish","type":"page","link":"https:\/\/excelam.heavenkeys.ca\/en\/formation\/","title":{"rendered":"Training"},"content":{"rendered":"<div data-elementor-type=\"wp-page\" data-elementor-id=\"987861\" class=\"elementor elementor-987861\" data-elementor-post-type=\"page\">\n\t\t\t\t\t\t<section class=\"elementor-section elementor-top-section elementor-element elementor-element-540c78b0 elementor-section-height-min-height elementor-section-boxed elementor-section-height-default elementor-section-items-middle e-parent\" data-id=\"540c78b0\" data-element_type=\"section\" data-settings=\"{&quot;background_background&quot;:&quot;classic&quot;}\">\n\t\t\t\t\t\t\t<div class=\"elementor-background-overlay\"><\/div>\n\t\t\t\t\t\t\t<div class=\"elementor-container elementor-column-gap-default\">\n\t\t\t\t\t<div class=\"elementor-column elementor-col-100 elementor-top-column elementor-element elementor-element-1694d6fb lakit-col-width-auto-no\" data-id=\"1694d6fb\" data-element_type=\"column\">\n\t\t\t<div class=\"elementor-widget-wrap elementor-element-populated\">\n\t\t\t\t\t\t<div class=\"elementor-element elementor-element-4426a8d6 animated-fast elementor-invisible elementor-widget elementor-widget-heading\" data-id=\"4426a8d6\" data-element_type=\"widget\" data-settings=\"{&quot;_animation&quot;:&quot;fadeInDown&quot;,&quot;_animation_delay&quot;:100}\" data-widget_type=\"heading.default\">\n\t\t\t\t<div class=\"elementor-widget-container\">\n\t\t\t\t\t<h1 class=\"elementor-heading-title elementor-size-default\">Formation en fiabilit\u00e9, maintenance et   gestion des actifs.<\/h1>\t\t\t\t<\/div>\n\t\t\t\t<\/div>\n\t\t\t\t\t<\/div>\n\t\t<\/div>\n\t\t\t\t\t<\/div>\n\t\t<\/section>\n\t\t\t\t<section class=\"elementor-section elementor-top-section elementor-element elementor-element-2889d15f elementor-section-boxed elementor-section-height-default elementor-section-height-default e-parent\" data-id=\"2889d15f\" data-element_type=\"section\">\n\t\t\t\t\t\t<div class=\"elementor-container elementor-column-gap-default\">\n\t\t\t\t\t<div class=\"elementor-column elementor-col-100 elementor-top-column elementor-element elementor-element-2a4dfe07 lakit-col-width-auto-no\" data-id=\"2a4dfe07\" data-element_type=\"column\">\n\t\t\t<div class=\"elementor-widget-wrap elementor-element-populated\">\n\t\t\t\t\t\t<div class=\"elementor-element elementor-element-710c758b elementor-widget elementor-widget-image\" data-id=\"710c758b\" data-element_type=\"widget\" data-widget_type=\"image.default\">\n\t\t\t\t<div class=\"elementor-widget-container\">\n\t\t\t\t\t\t\t\t\t\t\t\t\t\t\t<img decoding=\"async\" width=\"43\" height=\"14\" src=\"https:\/\/excelam.heavenkeys.ca\/wp-content\/uploads\/2026\/01\/ellipse01.png\" class=\"attachment-large size-large wp-image-987876\" alt=\"\" \/>\t\t\t\t\t\t\t\t\t\t\t\t\t\t\t<\/div>\n\t\t\t\t<\/div>\n\t\t\t\t<div class=\"elementor-element elementor-element-25ead377 elementor-widget elementor-widget-text-editor\" data-id=\"25ead377\" data-element_type=\"widget\" data-widget_type=\"text-editor.default\">\n\t\t\t\t<div class=\"elementor-widget-container\">\n\t\t\t\t\t\t\t\t\t<h2><span dir=\"auto\">D\u00e9veloppons les comp\u00e9tences et les capacit\u00e9s.<\/span><\/h2>\t\t\t\t\t\t\t\t<\/div>\n\t\t\t\t<\/div>\n\t\t\t\t<div class=\"elementor-element elementor-element-797ad5d elementor-widget elementor-widget-text-editor\" data-id=\"797ad5d\" data-element_type=\"widget\" data-widget_type=\"text-editor.default\">\n\t\t\t\t<div class=\"elementor-widget-container\">\n\t\t\t\t\t\t\t\t\t<p>Une \u00e9quipe comp\u00e9tente est essentielle pour maintenir un haut niveau de performance. Que ce soit dans le cadre d&rsquo;une mission de conseil ou de formations ind\u00e9pendantes, transmettre notre savoir-faire \u00e0 vos \u00e9quipes est au c\u0153ur de notre ADN.<\/p>\t\t\t\t\t\t\t\t<\/div>\n\t\t\t\t<\/div>\n\t\t\t\t\t<\/div>\n\t\t<\/div>\n\t\t\t\t\t<\/div>\n\t\t<\/section>\n\t\t\t\t<\/div>\n\t\t\n    <div class=\"xs_social_share_widget xs_share_url after_content \t\tmain_content  wslu-style-1 wslu-share-box-shaped wslu-fill-colored wslu-none wslu-share-horizontal wslu-theme-font-no wslu-main_content\">\n\n\t\t\n        <ul>\n\t\t\t        <\/ul>\n    <\/div>","protected":false},"excerpt":{"rendered":"<p>Formation en fiabilit\u00e9, maintenance et gestion des actifs. D\u00e9veloppons les comp\u00e9tences et les capacit\u00e9s. Une \u00e9quipe comp\u00e9tente est essentielle pour maintenir un haut niveau de performance. Que ce soit dans le cadre d&rsquo;une mission de conseil ou de formations ind\u00e9pendantes, transmettre notre savoir-faire \u00e0 vos \u00e9quipes est au c\u0153ur de notre ADN.<\/p>","protected":false},"author":1,"featured_media":0,"parent":0,"menu_order":0,"comment_status":"closed","ping_status":"closed","template":"elementor_header_footer","meta":{"postBodyCss":"","postBodyMargin":[],"postBodyPadding":[],"postBodyBackground":{"backgroundType":"classic","gradient":""},"footnotes":""},"class_list":["post-987861","page","type-page","status-publish","hentry"],"_links":{"self":[{"href":"https:\/\/excelam.heavenkeys.ca\/en\/wp-json\/wp\/v2\/pages\/987861","targetHints":{"allow":["GET"]}}],"collection":[{"href":"https:\/\/excelam.heavenkeys.ca\/en\/wp-json\/wp\/v2\/pages"}],"about":[{"href":"https:\/\/excelam.heavenkeys.ca\/en\/wp-json\/wp\/v2\/types\/page"}],"author":[{"embeddable":true,"href":"https:\/\/excelam.heavenkeys.ca\/en\/wp-json\/wp\/v2\/users\/1"}],"replies":[{"embeddable":true,"href":"https:\/\/excelam.heavenkeys.ca\/en\/wp-json\/wp\/v2\/comments?post=987861"}],"version-history":[{"count":22,"href":"https:\/\/excelam.heavenkeys.ca\/en\/wp-json\/wp\/v2\/pages\/987861\/revisions"}],"predecessor-version":[{"id":988241,"href":"https:\/\/excelam.heavenkeys.ca\/en\/wp-json\/wp\/v2\/pages\/987861\/revisions\/988241"}],"wp:attachment":[{"href":"https:\/\/excelam.heavenkeys.ca\/en\/wp-json\/wp\/v2\/media?parent=987861"}],"curies":[{"name":"wp","href":"https:\/\/api.w.org\/{rel}","templated":true}]}}